{"id":225,"date":"2025-01-06T01:16:17","date_gmt":"2025-01-06T01:16:17","guid":{"rendered":"https:\/\/thecabinsco.cl\/?page_id=225"},"modified":"2025-01-06T01:27:26","modified_gmt":"2025-01-06T01:27:26","slug":"recorrer-en-familia","status":"publish","type":"page","link":"https:\/\/thecabinsco.cl\/en\/recorrer-en-familia\/","title":{"rendered":"Recorrer en familia"},"content":{"rendered":"<h2 class=\"wp-block-heading\">Corralco malalcahuello<\/h2>\n\n\n\n<figure class=\"wp-block-image size-large\"><img loading=\"lazy\" decoding=\"async\" width=\"1024\" height=\"614\" src=\"https:\/\/thecabinsco.cl\/wp-content\/uploads\/2025\/01\/Corralco-Malalcahuello-1024x614.jpg\" alt=\"\" class=\"wp-image-228\" srcset=\"https:\/\/thecabinsco.cl\/wp-content\/uploads\/2025\/01\/Corralco-Malalcahuello-1024x614.jpg 1024w, https:\/\/thecabinsco.cl\/wp-content\/uploads\/2025\/01\/Corralco-Malalcahuello-300x180.jpg 300w, https:\/\/thecabinsco.cl\/wp-content\/uploads\/2025\/01\/Corralco-Malalcahuello-768x461.jpg 768w, https:\/\/thecabinsco.cl\/wp-content\/uploads\/2025\/01\/Corralco-Malalcahuello.jpg 1200w\" sizes=\"(max-width: 1024px) 100vw, 1024px\" \/><\/figure>\n\n\n\n<p><strong>Corralco<\/strong> es el destino perfecto para los amantes del deporte, la naturaleza y la desconexi\u00f3n en Malalcahuello. Ubicado en las faldas del imponente Volc\u00e1n Lonquimay, este centro de ski y monta\u00f1a ofrece una experiencia \u00fanica durante todo el a\u00f1o, combinando paisajes de ensue\u00f1o, actividades al aire libre y comodidad.<\/p>\n\n\n\n<h2 class=\"wp-block-heading\">Reserva Nacional Nalcas<\/h2>\n\n\n\n<figure class=\"wp-block-image size-large\"><img loading=\"lazy\" decoding=\"async\" width=\"1024\" height=\"768\" src=\"https:\/\/thecabinsco.cl\/wp-content\/uploads\/2025\/01\/14518673761982059956-1024x768.jpg\" alt=\"\" class=\"wp-image-229\" srcset=\"https:\/\/thecabinsco.cl\/wp-content\/uploads\/2025\/01\/14518673761982059956-1024x768.jpg 1024w, https:\/\/thecabinsco.cl\/wp-content\/uploads\/2025\/01\/14518673761982059956-300x225.jpg 300w, https:\/\/thecabinsco.cl\/wp-content\/uploads\/2025\/01\/14518673761982059956-768x576.jpg 768w, https:\/\/thecabinsco.cl\/wp-content\/uploads\/2025\/01\/14518673761982059956.jpg 1276w\" sizes=\"(max-width: 1024px) 100vw, 1024px\" \/><\/figure>\n\n\n\n<p>La <strong>Reserva Nacional Nalcas<\/strong> es un tesoro natural en el coraz\u00f3n de la Araucan\u00eda Andina, perfecta para quienes buscan explorar la riqueza y tranquilidad de los paisajes locales. Con su variedad de ecosistemas, que incluyen bosques de araucarias, lagunas y terrenos volc\u00e1nicos, esta reserva es un destino imprescindible para amantes de la naturaleza y la aventura.<\/p>\n\n\n\n<h2 class=\"wp-block-heading\">Cuesta Las Ra\u00edces<\/h2>\n\n\n\n<figure class=\"wp-block-image size-full\"><img loading=\"lazy\" decoding=\"async\" width=\"1024\" height=\"678\" src=\"https:\/\/thecabinsco.cl\/wp-content\/uploads\/2025\/01\/12893323815_dc7e1a2d55_b.jpg\" alt=\"\" class=\"wp-image-230\" srcset=\"https:\/\/thecabinsco.cl\/wp-content\/uploads\/2025\/01\/12893323815_dc7e1a2d55_b.jpg 1024w, https:\/\/thecabinsco.cl\/wp-content\/uploads\/2025\/01\/12893323815_dc7e1a2d55_b-300x199.jpg 300w, https:\/\/thecabinsco.cl\/wp-content\/uploads\/2025\/01\/12893323815_dc7e1a2d55_b-768x509.jpg 768w\" sizes=\"(max-width: 1024px) 100vw, 1024px\" \/><\/figure>\n\n\n\n<p>La <strong>Cuesta Las Ra\u00edces<\/strong> es mucho m\u00e1s que un camino; es un portal hacia los paisajes m\u00e1s impresionantes de Malalcahuello y sus alrededores. Este hist\u00f3rico paso conecta el valle de Malalcahuello con la cuenca alta del r\u00edo B\u00edo B\u00edo, ofreciendo un recorrido lleno de vistas panor\u00e1micas, naturaleza exuberante y un desaf\u00edo para quienes se atreven a transitarlo.<\/p>\n\n\n\n<h2 class=\"wp-block-heading\">Mirador PataChoique<\/h2>\n\n\n\n<figure class=\"wp-block-image size-large\"><img loading=\"lazy\" decoding=\"async\" width=\"1024\" height=\"766\" src=\"https:\/\/thecabinsco.cl\/wp-content\/uploads\/2025\/01\/85114662_197395028314888_1113513010707562496_n-1024x766.jpg\" alt=\"\" class=\"wp-image-231\" srcset=\"https:\/\/thecabinsco.cl\/wp-content\/uploads\/2025\/01\/85114662_197395028314888_1113513010707562496_n-1024x766.jpg 1024w, https:\/\/thecabinsco.cl\/wp-content\/uploads\/2025\/01\/85114662_197395028314888_1113513010707562496_n-300x224.jpg 300w, https:\/\/thecabinsco.cl\/wp-content\/uploads\/2025\/01\/85114662_197395028314888_1113513010707562496_n-768x575.jpg 768w, https:\/\/thecabinsco.cl\/wp-content\/uploads\/2025\/01\/85114662_197395028314888_1113513010707562496_n.jpg 1080w\" sizes=\"(max-width: 1024px) 100vw, 1024px\" \/><\/figure>\n\n\n\n<p>El <strong>Mirador Patachoique<\/strong> es uno de los secretos mejor guardados de Malalcahuello, ofreciendo vistas espectaculares de los paisajes de la Araucan\u00eda Andina. Este punto estrat\u00e9gico, rodeado de naturaleza pr\u00edstina, es ideal para quienes desean contemplar la inmensidad de los bosques, monta\u00f1as y el imponente Volc\u00e1n Lonquimay desde una perspectiva privilegiada.<\/p>\n\n\n\n<h2 class=\"wp-block-heading\">Mirador de Volcanes<\/h2>\n\n\n\n<figure class=\"wp-block-image size-large\"><img loading=\"lazy\" decoding=\"async\" width=\"1024\" height=\"766\" src=\"https:\/\/thecabinsco.cl\/wp-content\/uploads\/2025\/01\/85114662_197395028314888_1113513010707562496_n-1024x766.jpg\" alt=\"\" class=\"wp-image-231\" srcset=\"https:\/\/thecabinsco.cl\/wp-content\/uploads\/2025\/01\/85114662_197395028314888_1113513010707562496_n-1024x766.jpg 1024w, https:\/\/thecabinsco.cl\/wp-content\/uploads\/2025\/01\/85114662_197395028314888_1113513010707562496_n-300x224.jpg 300w, https:\/\/thecabinsco.cl\/wp-content\/uploads\/2025\/01\/85114662_197395028314888_1113513010707562496_n-768x575.jpg 768w, https:\/\/thecabinsco.cl\/wp-content\/uploads\/2025\/01\/85114662_197395028314888_1113513010707562496_n.jpg 1080w\" sizes=\"(max-width: 1024px) 100vw, 1024px\" \/><\/figure>\n\n\n\n<p>El <strong>Mirador de Volcanes<\/strong>, ubicado en la Araucan\u00eda Andina, es un lugar que te dejar\u00e1 sin aliento. Desde este impresionante punto de observaci\u00f3n, es posible disfrutar de una vista panor\u00e1mica de los majestuosos volcanes de la regi\u00f3n, incluyendo el imponente Volc\u00e1n Lonquimay y sus alrededores.<\/p>\n\n\n\n<h2 class=\"wp-block-heading\">T\u00fanel Las Ra\u00edces<\/h2>\n\n\n\n<figure class=\"wp-block-image size-full\"><img loading=\"lazy\" decoding=\"async\" width=\"400\" height=\"300\" src=\"https:\/\/thecabinsco.cl\/wp-content\/uploads\/2025\/01\/SIERRA-NEVADA.jpg\" alt=\"\" class=\"wp-image-173\" srcset=\"https:\/\/thecabinsco.cl\/wp-content\/uploads\/2025\/01\/SIERRA-NEVADA.jpg 400w, https:\/\/thecabinsco.cl\/wp-content\/uploads\/2025\/01\/SIERRA-NEVADA-300x225.jpg 300w\" sizes=\"(max-width: 400px) 100vw, 400px\" \/><\/figure>\n\n\n\n<p>El <strong>T\u00fanel Las Ra\u00edces<\/strong> es una de las obras de ingenier\u00eda m\u00e1s emblem\u00e1ticas de la Araucan\u00eda Andina y un punto de referencia para quienes visitan Malalcahuello. Este t\u00fanel, que conecta la localidad con la cuenca alta del r\u00edo B\u00edo B\u00edo, es el m\u00e1s largo de Chile para tr\u00e1nsito vehicular, con una extensi\u00f3n de m\u00e1s de 4 kil\u00f3metros.<\/p>\n\n\n\n<h2 class=\"wp-block-heading\">Lago Icalma<\/h2>\n\n\n\n<figure class=\"wp-block-image size-full\"><img loading=\"lazy\" decoding=\"async\" width=\"960\" height=\"448\" src=\"https:\/\/thecabinsco.cl\/wp-content\/uploads\/2025\/01\/4356_Laguna_Icalma.avif\" alt=\"\" class=\"wp-image-233\" srcset=\"https:\/\/thecabinsco.cl\/wp-content\/uploads\/2025\/01\/4356_Laguna_Icalma.avif 960w, https:\/\/thecabinsco.cl\/wp-content\/uploads\/2025\/01\/4356_Laguna_Icalma-300x140.avif 300w, https:\/\/thecabinsco.cl\/wp-content\/uploads\/2025\/01\/4356_Laguna_Icalma-768x358.avif 768w\" sizes=\"(max-width: 960px) 100vw, 960px\" \/><\/figure>\n\n\n\n<p>El <strong>Lago Icalma<\/strong>, ubicado cerca de Malalcahuello, es un rinc\u00f3n de serenidad y belleza natural que encanta a sus visitantes. Rodeado de bosques nativos y monta\u00f1as, este lago de aguas cristalinas es ideal para quienes buscan un lugar donde desconectarse del mundo y disfrutar de la naturaleza en su m\u00e1xima expresi\u00f3n.<\/p>\n\n\n\n<h2 class=\"wp-block-heading\">Laguna Galletur<\/h2>\n\n\n\n<figure class=\"wp-block-image size-full\"><img loading=\"lazy\" decoding=\"async\" width=\"1024\" height=\"684\" src=\"https:\/\/thecabinsco.cl\/wp-content\/uploads\/2025\/01\/41574963735_d51140c718_b.jpg\" alt=\"\" class=\"wp-image-234\" srcset=\"https:\/\/thecabinsco.cl\/wp-content\/uploads\/2025\/01\/41574963735_d51140c718_b.jpg 1024w, https:\/\/thecabinsco.cl\/wp-content\/uploads\/2025\/01\/41574963735_d51140c718_b-300x200.jpg 300w, https:\/\/thecabinsco.cl\/wp-content\/uploads\/2025\/01\/41574963735_d51140c718_b-768x513.jpg 768w\" sizes=\"(max-width: 1024px) 100vw, 1024px\" \/><\/figure>\n\n\n\n<p>La <strong>Laguna Galletu\u00e9<\/strong>, situada en las cercan\u00edas de Malalcahuello, es un lugar m\u00e1gico que combina paisajes \u00fanicos, biodiversidad y tranquilidad. Rodeada de araucarias milenarias y monta\u00f1as imponentes, esta laguna es un destino imperdible para quienes buscan conectar con la naturaleza en su estado m\u00e1s puro.<\/p>","protected":false},"excerpt":{"rendered":"<p>Corralco malalcahuello Corralco es el destino perfecto para los amantes del deporte, la naturaleza y la desconexi\u00f3n en Malalcahuello. Ubicado en las faldas del imponente Volc\u00e1n Lonquimay, este centro de ski y monta\u00f1a ofrece una experiencia \u00fanica durante todo el a\u00f1o, combinando paisajes de ensue\u00f1o, actividades al aire libre y comodidad. Reserva Nacional Nalcas La [&hellip;]<\/p>","protected":false},"author":1,"featured_media":232,"parent":0,"menu_order":0,"comment_status":"closed","ping_status":"closed","template":"","meta":{"footnotes":""},"class_list":["post-225","page","type-page","status-publish","has-post-thumbnail","hentry"],"yoast_head":"<!-- This site is optimized with the Yoast SEO plugin v24.1 - https:\/\/yoast.com\/wordpress\/plugins\/seo\/ -->\n<title>Recorrer en familia - The Cabins Co<\/title>\n<meta name=\"robots\" content=\"index, follow, max-snippet:-1, max-image-preview:large, max-video-preview:-1\" \/>\n<link rel=\"canonical\" href=\"https:\/\/thecabinsco.cl\/en\/recorrer-en-familia\/\" \/>\n<meta property=\"og:locale\" content=\"en_US\" \/>\n<meta property=\"og:type\" content=\"article\" \/>\n<meta property=\"og:title\" content=\"Recorrer en familia - The Cabins Co\" \/>\n<meta property=\"og:description\" content=\"Corralco malalcahuello Corralco es el destino perfecto para los amantes del deporte, la naturaleza y la desconexi\u00f3n en Malalcahuello. Ubicado en las faldas del imponente Volc\u00e1n Lonquimay, este centro de ski y monta\u00f1a ofrece una experiencia \u00fanica durante todo el a\u00f1o, combinando paisajes de ensue\u00f1o, actividades al aire libre y comodidad. Reserva Nacional Nalcas La [&hellip;]\" \/>\n<meta property=\"og:url\" content=\"https:\/\/thecabinsco.cl\/en\/recorrer-en-familia\/\" \/>\n<meta property=\"og:site_name\" content=\"The Cabins Co\" \/>\n<meta property=\"article:modified_time\" content=\"2025-01-06T01:27:26+00:00\" \/>\n<meta property=\"og:image\" content=\"https:\/\/thecabinsco.cl\/wp-content\/uploads\/2025\/01\/Tunel_Las_Raices_20200211_170046-scaled.jpg\" \/>\n\t<meta property=\"og:image:width\" content=\"1920\" \/>\n\t<meta property=\"og:image:height\" content=\"2560\" \/>\n\t<meta property=\"og:image:type\" content=\"image\/jpeg\" \/>\n<meta name=\"twitter:card\" content=\"summary_large_image\" \/>\n<meta name=\"twitter:label1\" content=\"Est. reading time\" \/>\n\t<meta name=\"twitter:data1\" content=\"8 minutes\" \/>\n<script type=\"application\/ld+json\" class=\"yoast-schema-graph\">{\"@context\":\"https:\/\/schema.org\",\"@graph\":[{\"@type\":\"WebPage\",\"@id\":\"https:\/\/thecabinsco.cl\/recorrer-en-familia\/\",\"url\":\"https:\/\/thecabinsco.cl\/recorrer-en-familia\/\",\"name\":\"Recorrer en familia - The Cabins Co\",\"isPartOf\":{\"@id\":\"https:\/\/thecabinsco.cl\/#website\"},\"primaryImageOfPage\":{\"@id\":\"https:\/\/thecabinsco.cl\/recorrer-en-familia\/#primaryimage\"},\"image\":{\"@id\":\"https:\/\/thecabinsco.cl\/recorrer-en-familia\/#primaryimage\"},\"thumbnailUrl\":\"https:\/\/thecabinsco.cl\/wp-content\/uploads\/2025\/01\/Tunel_Las_Raices_20200211_170046-scaled.jpg\",\"datePublished\":\"2025-01-06T01:16:17+00:00\",\"dateModified\":\"2025-01-06T01:27:26+00:00\",\"breadcrumb\":{\"@id\":\"https:\/\/thecabinsco.cl\/recorrer-en-familia\/#breadcrumb\"},\"inLanguage\":\"en-US\",\"potentialAction\":[{\"@type\":\"ReadAction\",\"target\":[\"https:\/\/thecabinsco.cl\/recorrer-en-familia\/\"]}]},{\"@type\":\"ImageObject\",\"inLanguage\":\"en-US\",\"@id\":\"https:\/\/thecabinsco.cl\/recorrer-en-familia\/#primaryimage\",\"url\":\"https:\/\/thecabinsco.cl\/wp-content\/uploads\/2025\/01\/Tunel_Las_Raices_20200211_170046-scaled.jpg\",\"contentUrl\":\"https:\/\/thecabinsco.cl\/wp-content\/uploads\/2025\/01\/Tunel_Las_Raices_20200211_170046-scaled.jpg\",\"width\":1920,\"height\":2560,\"caption\":\"Camino a caba\u00f1as cerca de Puc\u00f3n y Lonquimay.\"},{\"@type\":\"BreadcrumbList\",\"@id\":\"https:\/\/thecabinsco.cl\/recorrer-en-familia\/#breadcrumb\",\"itemListElement\":[{\"@type\":\"ListItem\",\"position\":1,\"name\":\"Portada\",\"item\":\"https:\/\/thecabinsco.cl\/\"},{\"@type\":\"ListItem\",\"position\":2,\"name\":\"Recorrer en familia\"}]},{\"@type\":\"WebSite\",\"@id\":\"https:\/\/thecabinsco.cl\/#website\",\"url\":\"https:\/\/thecabinsco.cl\/\",\"name\":\"The Cabins Co\",\"description\":\"Caba\u00f1as de ensue\u00f1o en el sur del mundo\",\"potentialAction\":[{\"@type\":\"SearchAction\",\"target\":{\"@type\":\"EntryPoint\",\"urlTemplate\":\"https:\/\/thecabinsco.cl\/?s={search_term_string}\"},\"query-input\":{\"@type\":\"PropertyValueSpecification\",\"valueRequired\":true,\"valueName\":\"search_term_string\"}}],\"inLanguage\":\"en-US\"}]}<\/script>\n<!-- \/ Yoast SEO plugin. -->","yoast_head_json":{"title":"Recorrer en familia - The Cabins Co","robots":{"index":"index","follow":"follow","max-snippet":"max-snippet:-1","max-image-preview":"max-image-preview:large","max-video-preview":"max-video-preview:-1"},"canonical":"https:\/\/thecabinsco.cl\/en\/recorrer-en-familia\/","og_locale":"en_US","og_type":"article","og_title":"Recorrer en familia - The Cabins Co","og_description":"Corralco malalcahuello Corralco es el destino perfecto para los amantes del deporte, la naturaleza y la desconexi\u00f3n en Malalcahuello. Ubicado en las faldas del imponente Volc\u00e1n Lonquimay, este centro de ski y monta\u00f1a ofrece una experiencia \u00fanica durante todo el a\u00f1o, combinando paisajes de ensue\u00f1o, actividades al aire libre y comodidad. Reserva Nacional Nalcas La [&hellip;]","og_url":"https:\/\/thecabinsco.cl\/en\/recorrer-en-familia\/","og_site_name":"The Cabins Co","article_modified_time":"2025-01-06T01:27:26+00:00","og_image":[{"width":1920,"height":2560,"url":"https:\/\/thecabinsco.cl\/wp-content\/uploads\/2025\/01\/Tunel_Las_Raices_20200211_170046-scaled.jpg","type":"image\/jpeg"}],"twitter_card":"summary_large_image","twitter_misc":{"Est. reading time":"8 minutes"},"schema":{"@context":"https:\/\/schema.org","@graph":[{"@type":"WebPage","@id":"https:\/\/thecabinsco.cl\/recorrer-en-familia\/","url":"https:\/\/thecabinsco.cl\/recorrer-en-familia\/","name":"Recorrer en familia - The Cabins Co","isPartOf":{"@id":"https:\/\/thecabinsco.cl\/#website"},"primaryImageOfPage":{"@id":"https:\/\/thecabinsco.cl\/recorrer-en-familia\/#primaryimage"},"image":{"@id":"https:\/\/thecabinsco.cl\/recorrer-en-familia\/#primaryimage"},"thumbnailUrl":"https:\/\/thecabinsco.cl\/wp-content\/uploads\/2025\/01\/Tunel_Las_Raices_20200211_170046-scaled.jpg","datePublished":"2025-01-06T01:16:17+00:00","dateModified":"2025-01-06T01:27:26+00:00","breadcrumb":{"@id":"https:\/\/thecabinsco.cl\/recorrer-en-familia\/#breadcrumb"},"inLanguage":"en-US","potentialAction":[{"@type":"ReadAction","target":["https:\/\/thecabinsco.cl\/recorrer-en-familia\/"]}]},{"@type":"ImageObject","inLanguage":"en-US","@id":"https:\/\/thecabinsco.cl\/recorrer-en-familia\/#primaryimage","url":"https:\/\/thecabinsco.cl\/wp-content\/uploads\/2025\/01\/Tunel_Las_Raices_20200211_170046-scaled.jpg","contentUrl":"https:\/\/thecabinsco.cl\/wp-content\/uploads\/2025\/01\/Tunel_Las_Raices_20200211_170046-scaled.jpg","width":1920,"height":2560,"caption":"Camino a caba\u00f1as cerca de Puc\u00f3n y Lonquimay."},{"@type":"BreadcrumbList","@id":"https:\/\/thecabinsco.cl\/recorrer-en-familia\/#breadcrumb","itemListElement":[{"@type":"ListItem","position":1,"name":"Portada","item":"https:\/\/thecabinsco.cl\/"},{"@type":"ListItem","position":2,"name":"Recorrer en familia"}]},{"@type":"WebSite","@id":"https:\/\/thecabinsco.cl\/#website","url":"https:\/\/thecabinsco.cl\/","name":"The Cabins Co","description":"Caba\u00f1as de ensue\u00f1o en el sur del mundo","potentialAction":[{"@type":"SearchAction","target":{"@type":"EntryPoint","urlTemplate":"https:\/\/thecabinsco.cl\/?s={search_term_string}"},"query-input":{"@type":"PropertyValueSpecification","valueRequired":true,"valueName":"search_term_string"}}],"inLanguage":"en-US"}]}},"_links":{"self":[{"href":"https:\/\/thecabinsco.cl\/en\/wp-json\/wp\/v2\/pages\/225"}],"collection":[{"href":"https:\/\/thecabinsco.cl\/en\/wp-json\/wp\/v2\/pages"}],"about":[{"href":"https:\/\/thecabinsco.cl\/en\/wp-json\/wp\/v2\/types\/page"}],"author":[{"embeddable":true,"href":"https:\/\/thecabinsco.cl\/en\/wp-json\/wp\/v2\/users\/1"}],"replies":[{"embeddable":true,"href":"https:\/\/thecabinsco.cl\/en\/wp-json\/wp\/v2\/comments?post=225"}],"version-history":[{"count":2,"href":"https:\/\/thecabinsco.cl\/en\/wp-json\/wp\/v2\/pages\/225\/revisions"}],"predecessor-version":[{"id":235,"href":"https:\/\/thecabinsco.cl\/en\/wp-json\/wp\/v2\/pages\/225\/revisions\/235"}],"wp:featuredmedia":[{"embeddable":true,"href":"https:\/\/thecabinsco.cl\/en\/wp-json\/wp\/v2\/media\/232"}],"wp:attachment":[{"href":"https:\/\/thecabinsco.cl\/en\/wp-json\/wp\/v2\/media?parent=225"}],"curies":[{"name":"wp","href":"https:\/\/api.w.org\/{rel}","templated":true}]}}