{"id":166,"date":"2025-01-03T13:13:51","date_gmt":"2025-01-03T13:13:51","guid":{"rendered":"https:\/\/thecabinsco.cl\/?page_id=166"},"modified":"2025-01-05T23:22:04","modified_gmt":"2025-01-05T23:22:04","slug":"rutas_para_bicicletas","status":"publish","type":"page","link":"https:\/\/thecabinsco.cl\/en\/rutas_para_bicicletas\/","title":{"rendered":"Rutas para bicicletas"},"content":{"rendered":"<h2 class=\"wp-block-heading\">Para toda la familia<\/h2>\n\n\n\n<p><strong>1. CICLOV\u00cdA MALALCAHUELLO - MANZANAR<\/strong><\/p>\n\n\n\n<figure class=\"wp-block-gallery has-nested-images columns-default is-cropped wp-block-gallery-1 is-layout-flex wp-block-gallery-is-layout-flex\">\n<figure class=\"wp-block-image size-full\"><img loading=\"lazy\" decoding=\"async\" width=\"1000\" height=\"667\" data-id=\"170\" src=\"https:\/\/thecabinsco.cl\/wp-content\/uploads\/2025\/01\/Malalcahuello1-.jpg\" alt=\"\" class=\"wp-image-170\" srcset=\"https:\/\/thecabinsco.cl\/wp-content\/uploads\/2025\/01\/Malalcahuello1-.jpg 1000w, https:\/\/thecabinsco.cl\/wp-content\/uploads\/2025\/01\/Malalcahuello1--300x200.jpg 300w, https:\/\/thecabinsco.cl\/wp-content\/uploads\/2025\/01\/Malalcahuello1--768x512.jpg 768w\" sizes=\"(max-width: 1000px) 100vw, 1000px\" \/><figcaption class=\"wp-element-caption\">Caba\u00f1as en Araucan\u00eda,Curacaut\u00edn.<\/figcaption><\/figure>\n<\/figure>\n\n\n\n<p>El trazado de 12 kil\u00f3metros cruza t\u00faneles, escoriales volc\u00e1nicos y bosques, acompa\u00f1ado por atractivas vistas del volc\u00e1n Lonquimay. Su dificultad es menor, pero hay algunos cruces de la ruta 181 que hay que atravesar con precauci\u00f3n. Es un paseo para disfrutar en familia..<\/p>\n\n\n\n<p><strong>2. CICLOV\u00cdA MALALCAHUELLO - LONQUIMAY<\/strong><\/p>\n\n\n\n<figure class=\"wp-block-image size-full\"><img loading=\"lazy\" decoding=\"async\" width=\"1000\" height=\"636\" src=\"https:\/\/thecabinsco.cl\/wp-content\/uploads\/2025\/01\/ciclov-a_lonquimay.jpg\" alt=\"\" class=\"wp-image-171\" srcset=\"https:\/\/thecabinsco.cl\/wp-content\/uploads\/2025\/01\/ciclov-a_lonquimay.jpg 1000w, https:\/\/thecabinsco.cl\/wp-content\/uploads\/2025\/01\/ciclov-a_lonquimay-300x191.jpg 300w, https:\/\/thecabinsco.cl\/wp-content\/uploads\/2025\/01\/ciclov-a_lonquimay-768x488.jpg 768w\" sizes=\"(max-width: 1000px) 100vw, 1000px\" \/><\/figure>\n\n\n\n<p>El trazado de 19 kil\u00f3metros cruza hermosos puentes sobre el r\u00edo Punta Negra y Lonquimay, adem\u00e1s cuenta con diferentes paradas donde estuvieron antiguamente las estaciones de ferrocarril. Vistas espectaculares al valle y r\u00edo Lonquimay lo dejar\u00e1n perplejo de la belleza del lugar. El recorrido no tiene dificultad alguna ya que es pr\u00e1cticamente plano todo el tiempo.<\/p>\n\n\n\n<p><strong>3. RUTA THE CABINS - VOLC\u00c1N LONQUIMAY<\/strong><\/p>\n\n\n\n<figure class=\"wp-block-image size-full is-resized\"><img loading=\"lazy\" decoding=\"async\" width=\"628\" height=\"326\" src=\"https:\/\/thecabinsco.cl\/wp-content\/uploads\/2025\/01\/volcan.lonquimay-edited.jpg\" alt=\"\" class=\"wp-image-209\" style=\"width:842px;height:auto\" srcset=\"https:\/\/thecabinsco.cl\/wp-content\/uploads\/2025\/01\/volcan.lonquimay-edited.jpg 628w, https:\/\/thecabinsco.cl\/wp-content\/uploads\/2025\/01\/volcan.lonquimay-edited-300x156.jpg 300w\" sizes=\"(max-width: 628px) 100vw, 628px\" \/><\/figure>\n\n\n\n<p>La <strong>Ruta The Cabins - Volc\u00e1n Lonquimay<\/strong> es mucho m\u00e1s que un camino: es una experiencia que conecta comodidad y naturaleza con la imponente majestuosidad del volc\u00e1n. Partiendo desde el acogedor entorno de The Cabins en Malalcahuello, este recorrido te lleva a descubrir paisajes \u00fanicos, desde bosques de araucarias hasta campos de lava solidificada, con el imponente Volc\u00e1n Lonquimay como destino final.<\/p>\n\n\n\n<p>4. <strong>CUESTA LAS RAICES<\/strong><\/p>\n\n\n\n<figure class=\"wp-block-image size-full\"><img loading=\"lazy\" decoding=\"async\" width=\"1024\" height=\"684\" src=\"https:\/\/thecabinsco.cl\/wp-content\/uploads\/2025\/01\/CUESTA-LAS-RAICES.jpg\" alt=\"\" class=\"wp-image-174\" srcset=\"https:\/\/thecabinsco.cl\/wp-content\/uploads\/2025\/01\/CUESTA-LAS-RAICES.jpg 1024w, https:\/\/thecabinsco.cl\/wp-content\/uploads\/2025\/01\/CUESTA-LAS-RAICES-300x200.jpg 300w, https:\/\/thecabinsco.cl\/wp-content\/uploads\/2025\/01\/CUESTA-LAS-RAICES-768x513.jpg 768w\" sizes=\"(max-width: 1024px) 100vw, 1024px\" \/><\/figure>\n\n\n\n<p>El trazado de 12 kil\u00f3metros cruza t\u00faneles, escoriales volc\u00e1nicos y bosques, acompa\u00f1ado por atractivas vistas del volc\u00e1n Lonquimay. Su dificultad es menor, pero hay algunos cruces de la ruta 181 que hay que atravesar con precauci\u00f3n. Es un paseo para disfrutar en familia..<\/p>\n\n\n\n<h2 class=\"wp-block-heading\">Para los m\u00e1s extremos<\/h2>\n\n\n\n<p><strong>1. DH CUESTA LAS RA\u00cdCES<\/strong><\/p>\n\n\n\n<figure class=\"wp-block-image size-full\"><img loading=\"lazy\" decoding=\"async\" width=\"601\" height=\"800\" src=\"https:\/\/thecabinsco.cl\/wp-content\/uploads\/2025\/01\/MTB-Dh-Cuesta-Las-Raices-1.jpg\" alt=\"\" class=\"wp-image-211\" srcset=\"https:\/\/thecabinsco.cl\/wp-content\/uploads\/2025\/01\/MTB-Dh-Cuesta-Las-Raices-1.jpg 601w, https:\/\/thecabinsco.cl\/wp-content\/uploads\/2025\/01\/MTB-Dh-Cuesta-Las-Raices-1-225x300.jpg 225w\" sizes=\"(max-width: 601px) 100vw, 601px\" \/><\/figure>\n\n\n\n<p>La <strong>DH Cuesta Las Ra\u00edces<\/strong> es el destino ideal para los amantes del downhill y la adrenalina en plena naturaleza. Ubicada en el sector de Malalcahuello, esta emocionante ruta desaf\u00eda a ciclistas de monta\u00f1a con descensos vertiginosos, curvas cerradas y un entorno rodeado de paisajes inolvidables.<\/p>\n\n\n\n<p><strong>2. ENDURO VOLC\u00c1N SIERRA NEVADA<\/strong><\/p>\n\n\n\n<figure class=\"wp-block-image size-full\"><img loading=\"lazy\" decoding=\"async\" width=\"700\" height=\"525\" src=\"https:\/\/thecabinsco.cl\/wp-content\/uploads\/2025\/01\/Mtb-Sierra-nevada-1.jpg\" alt=\"\" class=\"wp-image-212\" srcset=\"https:\/\/thecabinsco.cl\/wp-content\/uploads\/2025\/01\/Mtb-Sierra-nevada-1.jpg 700w, https:\/\/thecabinsco.cl\/wp-content\/uploads\/2025\/01\/Mtb-Sierra-nevada-1-300x225.jpg 300w\" sizes=\"(max-width: 700px) 100vw, 700px\" \/><\/figure>\n\n\n\n<p>El <strong>Enduro Volc\u00e1n Sierra Nevada<\/strong> es una experiencia inolvidable para quienes buscan combinar deporte, naturaleza y adrenalina en un entorno espectacular. Este desafiante circuito de enduro, ubicado en el Parque Nacional Malalcahuello-Nalcas, recorre las faldas del imponente Volc\u00e1n Sierra Nevada, ofreciendo paisajes \u00fanicos y emociones intensas.<\/p>\n\n\n\n<p><strong>3. JABAL\u00cd PARKS<\/strong><\/p>\n\n\n\n<figure class=\"wp-block-image size-full\"><img loading=\"lazy\" decoding=\"async\" width=\"411\" height=\"700\" src=\"https:\/\/thecabinsco.cl\/wp-content\/uploads\/2025\/01\/Jabali-Park1.jpg\" alt=\"\" class=\"wp-image-213\" srcset=\"https:\/\/thecabinsco.cl\/wp-content\/uploads\/2025\/01\/Jabali-Park1.jpg 411w, https:\/\/thecabinsco.cl\/wp-content\/uploads\/2025\/01\/Jabali-Park1-176x300.jpg 176w\" sizes=\"(max-width: 411px) 100vw, 411px\" \/><\/figure>\n\n\n\n<p><strong>Jabal\u00ed Park<\/strong> es el lugar perfecto para los amantes de la naturaleza y la aventura en Malalcahuello. Este espacio combina paisajes \u00fanicos con actividades al aire libre, ofreciendo una experiencia inolvidable para toda la familia. Rodeado de la majestuosa cordillera de los Andes, este parque es un punto de encuentro para disfrutar del aire libre y la conexi\u00f3n con el entorno natural.<\/p>","protected":false},"excerpt":{"rendered":"<p>Para toda la familia 1. CICLOV\u00cdA MALALCAHUELLO - MANZANAR El trazado de 12 kil\u00f3metros cruza t\u00faneles, escoriales volc\u00e1nicos y bosques, acompa\u00f1ado por atractivas vistas del volc\u00e1n Lonquimay. Su dificultad es menor, pero hay algunos cruces de la ruta 181 que hay que atravesar con precauci\u00f3n. Es un paseo para disfrutar en familia.. 2. CICLOV\u00cdA MALALCAHUELLO [&hellip;]<\/p>","protected":false},"author":1,"featured_media":173,"parent":0,"menu_order":0,"comment_status":"closed","ping_status":"closed","template":"","meta":{"footnotes":""},"class_list":["post-166","page","type-page","status-publish","has-post-thumbnail","hentry"],"yoast_head":"<!-- This site is optimized with the Yoast SEO plugin v24.1 - https:\/\/yoast.com\/wordpress\/plugins\/seo\/ -->\n<title>Rutas para bicicletas - The Cabins Co<\/title>\n<meta name=\"robots\" content=\"index, follow, max-snippet:-1, max-image-preview:large, max-video-preview:-1\" \/>\n<link rel=\"canonical\" href=\"https:\/\/thecabinsco.cl\/en\/rutas_para_bicicletas\/\" \/>\n<meta property=\"og:locale\" content=\"en_US\" \/>\n<meta property=\"og:type\" content=\"article\" \/>\n<meta property=\"og:title\" content=\"Rutas para bicicletas - The Cabins Co\" \/>\n<meta property=\"og:description\" content=\"Para toda la familia 1. CICLOV\u00cdA MALALCAHUELLO - MANZANAR El trazado de 12 kil\u00f3metros cruza t\u00faneles, escoriales volc\u00e1nicos y bosques, acompa\u00f1ado por atractivas vistas del volc\u00e1n Lonquimay. Su dificultad es menor, pero hay algunos cruces de la ruta 181 que hay que atravesar con precauci\u00f3n. Es un paseo para disfrutar en familia.. 2. CICLOV\u00cdA MALALCAHUELLO [&hellip;]\" \/>\n<meta property=\"og:url\" content=\"https:\/\/thecabinsco.cl\/en\/rutas_para_bicicletas\/\" \/>\n<meta property=\"og:site_name\" content=\"The Cabins Co\" \/>\n<meta property=\"article:modified_time\" content=\"2025-01-05T23:22:04+00:00\" \/>\n<meta property=\"og:image\" content=\"https:\/\/thecabinsco.cl\/wp-content\/uploads\/2025\/01\/SIERRA-NEVADA.jpg\" \/>\n\t<meta property=\"og:image:width\" content=\"400\" \/>\n\t<meta property=\"og:image:height\" content=\"300\" \/>\n\t<meta property=\"og:image:type\" content=\"image\/jpeg\" \/>\n<meta name=\"twitter:card\" content=\"summary_large_image\" \/>\n<meta name=\"twitter:label1\" content=\"Est. reading time\" \/>\n\t<meta name=\"twitter:data1\" content=\"7 minutes\" \/>\n<script type=\"application\/ld+json\" class=\"yoast-schema-graph\">{\"@context\":\"https:\/\/schema.org\",\"@graph\":[{\"@type\":\"WebPage\",\"@id\":\"https:\/\/thecabinsco.cl\/rutas_para_bicicletas\/\",\"url\":\"https:\/\/thecabinsco.cl\/rutas_para_bicicletas\/\",\"name\":\"Rutas para bicicletas - The Cabins Co\",\"isPartOf\":{\"@id\":\"https:\/\/thecabinsco.cl\/#website\"},\"primaryImageOfPage\":{\"@id\":\"https:\/\/thecabinsco.cl\/rutas_para_bicicletas\/#primaryimage\"},\"image\":{\"@id\":\"https:\/\/thecabinsco.cl\/rutas_para_bicicletas\/#primaryimage\"},\"thumbnailUrl\":\"https:\/\/thecabinsco.cl\/wp-content\/uploads\/2025\/01\/SIERRA-NEVADA.jpg\",\"datePublished\":\"2025-01-03T13:13:51+00:00\",\"dateModified\":\"2025-01-05T23:22:04+00:00\",\"breadcrumb\":{\"@id\":\"https:\/\/thecabinsco.cl\/rutas_para_bicicletas\/#breadcrumb\"},\"inLanguage\":\"en-US\",\"potentialAction\":[{\"@type\":\"ReadAction\",\"target\":[\"https:\/\/thecabinsco.cl\/rutas_para_bicicletas\/\"]}]},{\"@type\":\"ImageObject\",\"inLanguage\":\"en-US\",\"@id\":\"https:\/\/thecabinsco.cl\/rutas_para_bicicletas\/#primaryimage\",\"url\":\"https:\/\/thecabinsco.cl\/wp-content\/uploads\/2025\/01\/SIERRA-NEVADA.jpg\",\"contentUrl\":\"https:\/\/thecabinsco.cl\/wp-content\/uploads\/2025\/01\/SIERRA-NEVADA.jpg\",\"width\":400,\"height\":300},{\"@type\":\"BreadcrumbList\",\"@id\":\"https:\/\/thecabinsco.cl\/rutas_para_bicicletas\/#breadcrumb\",\"itemListElement\":[{\"@type\":\"ListItem\",\"position\":1,\"name\":\"Portada\",\"item\":\"https:\/\/thecabinsco.cl\/\"},{\"@type\":\"ListItem\",\"position\":2,\"name\":\"Rutas para bicicletas\"}]},{\"@type\":\"WebSite\",\"@id\":\"https:\/\/thecabinsco.cl\/#website\",\"url\":\"https:\/\/thecabinsco.cl\/\",\"name\":\"The Cabins Co\",\"description\":\"Caba\u00f1as de ensue\u00f1o en el sur del mundo\",\"potentialAction\":[{\"@type\":\"SearchAction\",\"target\":{\"@type\":\"EntryPoint\",\"urlTemplate\":\"https:\/\/thecabinsco.cl\/?s={search_term_string}\"},\"query-input\":{\"@type\":\"PropertyValueSpecification\",\"valueRequired\":true,\"valueName\":\"search_term_string\"}}],\"inLanguage\":\"en-US\"}]}<\/script>\n<!-- \/ Yoast SEO plugin. -->","yoast_head_json":{"title":"Rutas para bicicletas - The Cabins Co","robots":{"index":"index","follow":"follow","max-snippet":"max-snippet:-1","max-image-preview":"max-image-preview:large","max-video-preview":"max-video-preview:-1"},"canonical":"https:\/\/thecabinsco.cl\/en\/rutas_para_bicicletas\/","og_locale":"en_US","og_type":"article","og_title":"Rutas para bicicletas - The Cabins Co","og_description":"Para toda la familia 1. CICLOV\u00cdA MALALCAHUELLO - MANZANAR El trazado de 12 kil\u00f3metros cruza t\u00faneles, escoriales volc\u00e1nicos y bosques, acompa\u00f1ado por atractivas vistas del volc\u00e1n Lonquimay. Su dificultad es menor, pero hay algunos cruces de la ruta 181 que hay que atravesar con precauci\u00f3n. Es un paseo para disfrutar en familia.. 2. CICLOV\u00cdA MALALCAHUELLO [&hellip;]","og_url":"https:\/\/thecabinsco.cl\/en\/rutas_para_bicicletas\/","og_site_name":"The Cabins Co","article_modified_time":"2025-01-05T23:22:04+00:00","og_image":[{"width":400,"height":300,"url":"https:\/\/thecabinsco.cl\/wp-content\/uploads\/2025\/01\/SIERRA-NEVADA.jpg","type":"image\/jpeg"}],"twitter_card":"summary_large_image","twitter_misc":{"Est. reading time":"7 minutes"},"schema":{"@context":"https:\/\/schema.org","@graph":[{"@type":"WebPage","@id":"https:\/\/thecabinsco.cl\/rutas_para_bicicletas\/","url":"https:\/\/thecabinsco.cl\/rutas_para_bicicletas\/","name":"Rutas para bicicletas - The Cabins Co","isPartOf":{"@id":"https:\/\/thecabinsco.cl\/#website"},"primaryImageOfPage":{"@id":"https:\/\/thecabinsco.cl\/rutas_para_bicicletas\/#primaryimage"},"image":{"@id":"https:\/\/thecabinsco.cl\/rutas_para_bicicletas\/#primaryimage"},"thumbnailUrl":"https:\/\/thecabinsco.cl\/wp-content\/uploads\/2025\/01\/SIERRA-NEVADA.jpg","datePublished":"2025-01-03T13:13:51+00:00","dateModified":"2025-01-05T23:22:04+00:00","breadcrumb":{"@id":"https:\/\/thecabinsco.cl\/rutas_para_bicicletas\/#breadcrumb"},"inLanguage":"en-US","potentialAction":[{"@type":"ReadAction","target":["https:\/\/thecabinsco.cl\/rutas_para_bicicletas\/"]}]},{"@type":"ImageObject","inLanguage":"en-US","@id":"https:\/\/thecabinsco.cl\/rutas_para_bicicletas\/#primaryimage","url":"https:\/\/thecabinsco.cl\/wp-content\/uploads\/2025\/01\/SIERRA-NEVADA.jpg","contentUrl":"https:\/\/thecabinsco.cl\/wp-content\/uploads\/2025\/01\/SIERRA-NEVADA.jpg","width":400,"height":300},{"@type":"BreadcrumbList","@id":"https:\/\/thecabinsco.cl\/rutas_para_bicicletas\/#breadcrumb","itemListElement":[{"@type":"ListItem","position":1,"name":"Portada","item":"https:\/\/thecabinsco.cl\/"},{"@type":"ListItem","position":2,"name":"Rutas para bicicletas"}]},{"@type":"WebSite","@id":"https:\/\/thecabinsco.cl\/#website","url":"https:\/\/thecabinsco.cl\/","name":"The Cabins Co","description":"Caba\u00f1as de ensue\u00f1o en el sur del mundo","potentialAction":[{"@type":"SearchAction","target":{"@type":"EntryPoint","urlTemplate":"https:\/\/thecabinsco.cl\/?s={search_term_string}"},"query-input":{"@type":"PropertyValueSpecification","valueRequired":true,"valueName":"search_term_string"}}],"inLanguage":"en-US"}]}},"_links":{"self":[{"href":"https:\/\/thecabinsco.cl\/en\/wp-json\/wp\/v2\/pages\/166"}],"collection":[{"href":"https:\/\/thecabinsco.cl\/en\/wp-json\/wp\/v2\/pages"}],"about":[{"href":"https:\/\/thecabinsco.cl\/en\/wp-json\/wp\/v2\/types\/page"}],"author":[{"embeddable":true,"href":"https:\/\/thecabinsco.cl\/en\/wp-json\/wp\/v2\/users\/1"}],"replies":[{"embeddable":true,"href":"https:\/\/thecabinsco.cl\/en\/wp-json\/wp\/v2\/comments?post=166"}],"version-history":[{"count":9,"href":"https:\/\/thecabinsco.cl\/en\/wp-json\/wp\/v2\/pages\/166\/revisions"}],"predecessor-version":[{"id":218,"href":"https:\/\/thecabinsco.cl\/en\/wp-json\/wp\/v2\/pages\/166\/revisions\/218"}],"wp:featuredmedia":[{"embeddable":true,"href":"https:\/\/thecabinsco.cl\/en\/wp-json\/wp\/v2\/media\/173"}],"wp:attachment":[{"href":"https:\/\/thecabinsco.cl\/en\/wp-json\/wp\/v2\/media?parent=166"}],"curies":[{"name":"wp","href":"https:\/\/api.w.org\/{rel}","templated":true}]}}